{"id":92,"date":"2025-05-20T14:01:46","date_gmt":"2025-05-20T12:01:46","guid":{"rendered":"https:\/\/proyectosiris.umh.es\/?page_id=92"},"modified":"2025-06-16T11:29:48","modified_gmt":"2025-06-16T09:29:48","slug":"articulos-cientificos","status":"publish","type":"page","link":"https:\/\/proyectosiris.umh.es\/ca\/articulos-cientificos\/","title":{"rendered":"<span lang=\"es\">(Espa\u00f1ol) Art\u00edculos  cient\u00edficos<\/span>"},"content":{"rendered":"<p class=\"qtranxs-available-languages-message qtranxs-available-languages-message-ca\">Ho sentim, aquesta entrada es troba disponible \u00fanicament en <a href=\"https:\/\/proyectosiris.umh.es\/es\/wp-json\/wp\/v2\/pages\/92\" class=\"qtranxs-available-language-link qtranxs-available-language-link-es\" title=\"Espa\u00f1ol\">Espanyol Europeu<\/a>.<\/p>","protected":false},"excerpt":{"rendered":"<p>Ho sentim, aquesta entrada es troba disponible \u00fanicament en Espanyol Europeu.<\/p>\n","protected":false},"author":25848,"featured_media":0,"parent":0,"menu_order":0,"comment_status":"closed","ping_status":"closed","template":"","meta":{"_links_to":"","_links_to_target":""},"_links":{"self":[{"href":"https:\/\/proyectosiris.umh.es\/ca\/wp-json\/wp\/v2\/pages\/92"}],"collection":[{"href":"https:\/\/proyectosiris.umh.es\/ca\/wp-json\/wp\/v2\/pages"}],"about":[{"href":"https:\/\/proyectosiris.umh.es\/ca\/wp-json\/wp\/v2\/types\/page"}],"author":[{"embeddable":true,"href":"https:\/\/proyectosiris.umh.es\/ca\/wp-json\/wp\/v2\/users\/25848"}],"replies":[{"embeddable":true,"href":"https:\/\/proyectosiris.umh.es\/ca\/wp-json\/wp\/v2\/comments?post=92"}],"version-history":[{"count":0,"href":"https:\/\/proyectosiris.umh.es\/ca\/wp-json\/wp\/v2\/pages\/92\/revisions"}],"wp:attachment":[{"href":"https:\/\/proyectosiris.umh.es\/ca\/wp-json\/wp\/v2\/media?parent=92"}],"curies":[{"name":"wp","href":"https:\/\/api.w.org\/{rel}","templated":true}]}}